{"id":714,"date":"2019-03-25T10:44:22","date_gmt":"2019-03-25T10:44:22","guid":{"rendered":"https:\/\/www.exquisitevp.com\/resolucao-alternativa-de-litigios-de-consumo\/"},"modified":"2023-07-20T16:38:08","modified_gmt":"2023-07-20T16:38:08","slug":"resolucao-alternativa-de-litigios-de-consumo","status":"publish","type":"page","link":"https:\/\/www.exquisitevp.com\/en\/resolucao-alternativa-de-litigios-de-consumo\/","title":{"rendered":"Consumer Litigation Resolution"},"content":{"rendered":"[vc_row][vc_column][vc_column_text]\n<p>At the scope of the norm contained in art. 18 of Law n.\u00ba 144\/2015, of September 8, <strong>EXQUISITE VP<\/strong> divulges together to its community the Entidades de Resolu\u00e7\u00e3o Alternativa de Lit\u00edgios (<em>See them <a href=\"https:\/\/www.consumidor.pt\/\" target=\"_blank\" rel=\"noopener\">here<\/a>).<\/em><\/p>\n\n<p><strong>EXQUISITE VP <\/strong> did not adhere nor is it linked by legal imposition on any Entidades de Resolu\u00e7\u00e3o Alternativa de Lit\u00edgios.<\/p>\n\n<p>In Porto, consumers can use the Tribunal Arbitral de Consumo:<\/p>\n\n\n<ul>\n<li><em><strong>Address:<\/strong> Rua Dami\u00e3o de G\u00f3is, 31, Loja 6, 4050-225, Porto<\/em><\/li>\n<li><em><strong>Tele: <\/strong><\/em><em>+351 22 550 83 49 \/ +351 22 502 97 91<\/em><\/li>\n<li><em><strong>Fax: <\/strong>+351 22 502 61 09<\/em><\/li>\n<li><em><strong>Email: <\/strong><a href=\"mailto:cicap@cicap.pt\">cicap@cicap.pt<\/a><\/em><\/li>\n<li><em><strong>Website: <\/strong><a href=\"http:\/\/www.cicap.pt\" target=\"_blank\" rel=\"noopener\">www.cicap.pt<\/a><\/em><\/li>\n<\/ul>\n\n\n<p>&nbsp;<\/p>\n[\/vc_column_text][\/vc_column][\/vc_row]\n","protected":false},"excerpt":{"rendered":"<p>[vc_row][vc_column][vc_column_text] At the scope of the norm contained in art. 18 of Law n.\u00ba 144\/2015, of September 8, EXQUISITE VP divulges together to its community the<span class=\"excerpt-hellip\"> [\u2026]<\/span><\/p>\n","protected":false},"author":2,"featured_media":0,"parent":0,"menu_order":0,"comment_status":"closed","ping_status":"closed","template":"","meta":[],"_links":{"self":[{"href":"https:\/\/www.exquisitevp.com\/en\/wp-json\/wp\/v2\/pages\/714"}],"collection":[{"href":"https:\/\/www.exquisitevp.com\/en\/wp-json\/wp\/v2\/pages"}],"about":[{"href":"https:\/\/www.exquisitevp.com\/en\/wp-json\/wp\/v2\/types\/page"}],"author":[{"embeddable":true,"href":"https:\/\/www.exquisitevp.com\/en\/wp-json\/wp\/v2\/users\/2"}],"replies":[{"embeddable":true,"href":"https:\/\/www.exquisitevp.com\/en\/wp-json\/wp\/v2\/comments?post=714"}],"version-history":[{"count":7,"href":"https:\/\/www.exquisitevp.com\/en\/wp-json\/wp\/v2\/pages\/714\/revisions"}],"predecessor-version":[{"id":2646,"href":"https:\/\/www.exquisitevp.com\/en\/wp-json\/wp\/v2\/pages\/714\/revisions\/2646"}],"wp:attachment":[{"href":"https:\/\/www.exquisitevp.com\/en\/wp-json\/wp\/v2\/media?parent=714"}],"curies":[{"name":"wp","href":"https:\/\/api.w.org\/{rel}","templated":true}]}}